{"id":3139,"date":"2021-04-05T16:15:05","date_gmt":"2021-04-05T16:15:05","guid":{"rendered":"https:\/\/aurelianoart.com\/?post_type=product&#038;p=3139"},"modified":"2021-05-12T17:00:03","modified_gmt":"2021-05-12T17:00:03","slug":"elsewhere","status":"publish","type":"product","link":"https:\/\/aurelianoart.com\/pt\/produto\/elsewhere\/","title":{"rendered":"Elsewhere"},"content":{"rendered":"","protected":false},"excerpt":{"rendered":"<p><strong>Tamanho:<\/strong><\/p>\n<p>50 cm x 50 cm<\/p>\n<p><strong>Tecnica:<\/strong><\/p>\n<p>T\u00e9cnica mista, acr\u00edlico sobre tela, canetas acr\u00edlicas, pintura fluida, for\u00e7a centr\u00edfuga.<\/p>\n<p>Acabamento com Verniz Protetor UV.<\/p>\n<p>Quadro montado em moldura de madeira maci\u00e7a feita por mim<\/p>\n<p><strong>Ano:<\/strong><\/p>\n<p>2021<\/p>\n<p><strong>Outras Informa\u00e7\u00f5es:<\/strong><\/p>\n<p>Assinado no canto inferior da pintura<\/p>\n<p>Pronto para pendurar.<\/p>\n<p>Os impostos est\u00e3o inclu\u00eddos no pre\u00e7o.<\/p>\n<p>\u00c0s vezes, podem aparecer rachaduras durante o processo de secagem. Essas rachaduras, quando misturadas \u00e0s tintas, passam a fazer parte da pe\u00e7a acabada e \u00e9 a\u00ed que se encontra a beleza da imperfei\u00e7\u00e3o.<\/p>\n<p>Se tiver alguma d\u00favida, por favor contacte-me, terei todo o gosto em responder.<\/p>\n<p><strong>Envio:<\/strong><\/p>\n<p>Envio para todo o mundo.<\/p>\n<p>Os custos s\u00e3o calculados antes de finalizar a compra.<\/p>","protected":false},"featured_media":3677,"template":"","meta":[],"product_brand":[],"product_cat":[65],"product_tag":[],"class_list":{"0":"post-3139","1":"product","2":"type-product","3":"status-publish","4":"has-post-thumbnail","6":"product_cat-unniverse","8":"first","9":"instock","10":"sold-individually","11":"shipping-taxable","12":"purchasable","13":"product-type-simple","14":"layout-style-1","15":"col-md-4 col-sm-4 col-xs-6","16":"col-lg-3","17":"product-has-gallery","18":"product-style-default"},"_links":{"self":[{"href":"https:\/\/aurelianoart.com\/pt\/wp-json\/wp\/v2\/product\/3139","targetHints":{"allow":["GET"]}}],"collection":[{"href":"https:\/\/aurelianoart.com\/pt\/wp-json\/wp\/v2\/product"}],"about":[{"href":"https:\/\/aurelianoart.com\/pt\/wp-json\/wp\/v2\/types\/product"}],"version-history":[{"count":1,"href":"https:\/\/aurelianoart.com\/pt\/wp-json\/wp\/v2\/product\/3139\/revisions"}],"predecessor-version":[{"id":3928,"href":"https:\/\/aurelianoart.com\/pt\/wp-json\/wp\/v2\/product\/3139\/revisions\/3928"}],"wp:featuredmedia":[{"embeddable":true,"href":"https:\/\/aurelianoart.com\/pt\/wp-json\/wp\/v2\/media\/3677"}],"wp:attachment":[{"href":"https:\/\/aurelianoart.com\/pt\/wp-json\/wp\/v2\/media?parent=3139"}],"wp:term":[{"taxonomy":"product_brand","embeddable":true,"href":"https:\/\/aurelianoart.com\/pt\/wp-json\/wp\/v2\/product_brand?post=3139"},{"taxonomy":"product_cat","embeddable":true,"href":"https:\/\/aurelianoart.com\/pt\/wp-json\/wp\/v2\/product_cat?post=3139"},{"taxonomy":"product_tag","embeddable":true,"href":"https:\/\/aurelianoart.com\/pt\/wp-json\/wp\/v2\/product_tag?post=3139"}],"curies":[{"name":"wp","href":"https:\/\/api.w.org\/{rel}","templated":true}]}}